{"id":35,"date":"2026-01-03T15:34:22","date_gmt":"2026-01-03T15:34:22","guid":{"rendered":"https:\/\/lowsofttones.com\/about\/"},"modified":"2026-02-22T17:58:28","modified_gmt":"2026-02-22T17:58:28","slug":"about","status":"publish","type":"page","link":"https:\/\/lowsofttones.com\/pl\/about\/","title":{"rendered":"O mnie"},"content":{"rendered":"<div class=\"wp-block-uagb-container uagb-block-9ed5e6d4 alignfull uagb-is-root-container\"><div class=\"uagb-container-inner-blocks-wrap\">\n<div class=\"wp-block-uagb-info-box uagb-block-d5b134cc uagb-infobox__content-wrap  uagb-infobox-icon-above-title uagb-infobox-image-valign-top\"><div class=\"uagb-ifb-content\"><div class=\"uagb-ifb-title-wrap\"><span class=\"uagb-ifb-title-prefix\"><strong>Spokojne melodie<\/strong><\/span><h1 class=\"uagb-ifb-title\">Muzyka najlepiej smakuje w ciszy<\/h1><\/div><\/div><\/div>\n<\/div><\/div>\n\n\n\n<div class=\"wp-block-uagb-container uagb-block-43961427 alignfull uagb-is-root-container\"><div class=\"uagb-container-inner-blocks-wrap\">\n<div class=\"wp-block-uagb-container uagb-block-80cfe060\">\n<div class=\"wp-block-media-text is-stacked-on-mobile\" style=\"grid-template-columns:33% auto\"><figure class=\"wp-block-media-text__media\"><img loading=\"lazy\" decoding=\"async\" width=\"1920\" height=\"2560\" src=\"https:\/\/lowsofttones.com\/wp-content\/uploads\/2026\/02\/Lukasz-Niewinski-Low-Soft-Tones-2-scaled.jpg\" alt=\"\u0141ukasz Niewi\u0144ski sephia\" class=\"wp-image-569 size-full\" title=\"O mnie\" srcset=\"https:\/\/lowsofttones.com\/wp-content\/uploads\/2026\/02\/Lukasz-Niewinski-Low-Soft-Tones-2-scaled.jpg 1920w, https:\/\/lowsofttones.com\/wp-content\/uploads\/2026\/02\/Lukasz-Niewinski-Low-Soft-Tones-2-225x300.jpg 225w, https:\/\/lowsofttones.com\/wp-content\/uploads\/2026\/02\/Lukasz-Niewinski-Low-Soft-Tones-2-768x1024.jpg 768w, https:\/\/lowsofttones.com\/wp-content\/uploads\/2026\/02\/Lukasz-Niewinski-Low-Soft-Tones-2-1152x1536.jpg 1152w, https:\/\/lowsofttones.com\/wp-content\/uploads\/2026\/02\/Lukasz-Niewinski-Low-Soft-Tones-2-1536x2048.jpg 1536w\" sizes=\"auto, (max-width: 1920px) 100vw, 1920px\" \/><\/figure><div class=\"wp-block-media-text__content\">\n<h3 class=\"wp-block-heading\">Low Soft Tones to niezale\u017cny projekt muzyczny \u0141ukasza Niewi\u0144skiego.<br>Powsta\u0142 w oparciu o prostot\u0119 i brzmienie gitary akustycznej.<\/h3>\n\n\n\n<p>Minimalistyczne aran\u017cacje zostawiaj\u0105 du\u017co przestrzeni i ciszy.<\/p>\n\n\n\n<p>Muzyka ta powstaje z my\u015bl\u0105 o nocnych ods\u0142uchach i osobistych interpretacjach.<\/p>\n\n\n\n<p>Projekt Low Soft Tones narodzi\u0142 si\u0119 z przypadku, pasji i wewn\u0119trznej potrzeby powrotu do tworzenia muzyki.<\/p>\n\n\n\n<p>\u0141ukasz Niewi\u0144ski to gitarzysta akustyczny, kompozytor i pocz\u0105tkuj\u0105cy producent muzyczny.<br>W 2013 roku rozpocz\u0105\u0142 projekt Parezja, a w 2014 roku wyda\u0142 limitowan\u0105 EP-k\u0119 <em>Preludium<\/em> \u2013 cztery solowe kompozycje na gitar\u0119 akustyczn\u0105 w stylu fingerstyle.<\/p>\n\n\n\n<p>Po d\u0142ugiej przerwie tw\u00f3rczej powraca w 2026 roku z Low Soft Tones.<br>Nowy projekt rozwija wcze\u015bniejsze pomys\u0142y, poszerzaj\u0105c brzmienie gitary o delikatne instrumenty i ambientowe przestrzenie, inspirowane muzyk\u0105 filmow\u0105.<\/p>\n\n\n\n<p>Na co dzie\u0144 szcz\u0119\u015bliwy m\u0105\u017c i tata czw\u00f3rki dzieci.<br>Chrze\u015bcijanin z wyboru.<\/p>\n<\/div><\/div>\n<\/div>\n\n\n\n<div class=\"wp-block-uagb-buttons uagb-buttons__outer-wrap uagb-btn__default-btn uagb-btn-tablet__default-btn uagb-btn-mobile__default-btn uagb-block-04265cd2\"><div class=\"uagb-buttons__wrap uagb-buttons-layout-wrap\">\n<div class=\"wp-block-uagb-buttons-child uagb-buttons__outer-wrap uagb-block-7b1af883 wp-block-button\"><div class=\"uagb-button__wrapper\"><a class=\"uagb-buttons-repeater ast-outline-button\" aria-label=\"\" style=\"border-width:revert-layer\" href=\"https:\/\/open.spotify.com\/artist\/1J0kieIOiGun5V2GPfl40T\" rel=\"follow noopener\" target=\"_self\" role=\"button\"><div class=\"uagb-button__link\">S\u0142uchaj na Spotify<\/div><\/a><\/div><\/div>\n\n\n\n<div class=\"wp-block-uagb-buttons-child uagb-buttons__outer-wrap uagb-block-428647dd wp-block-button\"><div class=\"uagb-button__wrapper\"><a class=\"uagb-buttons-repeater wp-block-button__link\" aria-label=\"\" href=\"https:\/\/www.youtube.com\/@LowSoftTones\" rel=\"follow noopener\" target=\"_self\" role=\"button\"><div class=\"uagb-button__link\">OGL\u0104DAJ NA YOUTUBE<\/div><\/a><\/div><\/div>\n<\/div><\/div>\n<\/div><\/div>\n\n\n\n<p><\/p>","protected":false},"excerpt":{"rendered":"<p>Low Soft Tones is an independent music project by \u0141ukasz Niewi\u0144ski.It is rooted in simplicity and the sound of the [&hellip;]<\/p>\n","protected":false},"author":1,"featured_media":0,"parent":0,"menu_order":0,"comment_status":"closed","ping_status":"closed","template":"","meta":{"_uag_custom_page_level_css":"","site-sidebar-layout":"default","site-content-layout":"","ast-site-content-layout":"default","site-content-style":"default","site-sidebar-style":"default","ast-global-header-display":"","ast-banner-title-visibility":"","ast-main-header-display":"","ast-hfb-above-header-display":"","ast-hfb-below-header-display":"","ast-hfb-mobile-header-display":"","site-post-title":"disabled","ast-breadcrumbs-content":"","ast-featured-img":"","footer-sml-layout":"","ast-disable-related-posts":"","theme-transparent-header-meta":"disabled","adv-header-id-meta":"","stick-header-meta":"","header-above-stick-meta":"","header-main-stick-meta":"","header-below-stick-meta":"","astra-migrate-meta-layouts":"default","ast-page-background-enabled":"default","ast-page-background-meta":{"desktop":{"background-color":"var(--ast-global-color-4)","background-image":"","background-repeat":"repeat","background-position":"center center","background-size":"auto","background-attachment":"scroll","background-type":"","background-media":"","overlay-type":"","overlay-color":"","overlay-opacity":"","overlay-gradient":""},"tablet":{"background-color":"","background-image":"","background-repeat":"repeat","background-position":"center center","background-size":"auto","background-attachment":"scroll","background-type":"","background-media":"","overlay-type":"","overlay-color":"","overlay-opacity":"","overlay-gradient":""},"mobile":{"background-color":"","background-image":"","background-repeat":"repeat","background-position":"center center","background-size":"auto","background-attachment":"scroll","background-type":"","background-media":"","overlay-type":"","overlay-color":"","overlay-opacity":"","overlay-gradient":""}},"ast-content-background-meta":{"desktop":{"background-color":"var(--ast-global-color-5)","background-image":"","background-repeat":"repeat","background-position":"center center","background-size":"auto","background-attachment":"scroll","background-type":"","background-media":"","overlay-type":"","overlay-color":"","overlay-opacity":"","overlay-gradient":""},"tablet":{"background-color":"var(--ast-global-color-5)","background-image":"","background-repeat":"repeat","background-position":"center center","background-size":"auto","background-attachment":"scroll","background-type":"","background-media":"","overlay-type":"","overlay-color":"","overlay-opacity":"","overlay-gradient":""},"mobile":{"background-color":"var(--ast-global-color-5)","background-image":"","background-repeat":"repeat","background-position":"center center","background-size":"auto","background-attachment":"scroll","background-type":"","background-media":"","overlay-type":"","overlay-color":"","overlay-opacity":"","overlay-gradient":""}},"footnotes":""},"class_list":["post-35","page","type-page","status-publish","hentry"],"uagb_featured_image_src":{"full":false,"thumbnail":false,"medium":false,"medium_large":false,"large":false,"1536x1536":false,"2048x2048":false,"trp-custom-language-flag":false},"uagb_author_info":{"display_name":"lukaszniew","author_link":"https:\/\/lowsofttones.com\/pl\/author\/lukaszniew\/"},"uagb_comment_info":0,"uagb_excerpt":"Low Soft Tones is an independent music project by \u0141ukasz Niewi\u0144ski.It is rooted in simplicity and the sound of the [&hellip;]","_links":{"self":[{"href":"https:\/\/lowsofttones.com\/pl\/wp-json\/wp\/v2\/pages\/35","targetHints":{"allow":["GET"]}}],"collection":[{"href":"https:\/\/lowsofttones.com\/pl\/wp-json\/wp\/v2\/pages"}],"about":[{"href":"https:\/\/lowsofttones.com\/pl\/wp-json\/wp\/v2\/types\/page"}],"author":[{"embeddable":true,"href":"https:\/\/lowsofttones.com\/pl\/wp-json\/wp\/v2\/users\/1"}],"replies":[{"embeddable":true,"href":"https:\/\/lowsofttones.com\/pl\/wp-json\/wp\/v2\/comments?post=35"}],"version-history":[{"count":20,"href":"https:\/\/lowsofttones.com\/pl\/wp-json\/wp\/v2\/pages\/35\/revisions"}],"predecessor-version":[{"id":643,"href":"https:\/\/lowsofttones.com\/pl\/wp-json\/wp\/v2\/pages\/35\/revisions\/643"}],"wp:attachment":[{"href":"https:\/\/lowsofttones.com\/pl\/wp-json\/wp\/v2\/media?parent=35"}],"curies":[{"name":"wp","href":"https:\/\/api.w.org\/{rel}","templated":true}]}}