{"id":515,"date":"2026-01-11T21:28:53","date_gmt":"2026-01-11T21:28:53","guid":{"rendered":"https:\/\/lowsofttones.com\/?page_id=515"},"modified":"2026-02-22T17:46:19","modified_gmt":"2026-02-22T17:46:19","slug":"music-usage-music-licensing","status":"publish","type":"page","link":"https:\/\/lowsofttones.com\/pl\/music-usage-music-licensing\/","title":{"rendered":"Wsp\u00f3\u0142praca"},"content":{"rendered":"<p><\/p>\n\n\n\n<p>Ca\u0142a muzyka wydana pod nazw\u0105 projektu \u201cLow Soft Tones\u201d zosta\u0142a napisana, skomponowana i wyprodukowana przez:<\/p>\n\n\n\n<p>\u0141ukasza Niewi\u0144skiego<\/p>\n\n\n\n<p>Autora i tw\u00f3rc\u0119 projektu \u201cLow Soft Tones\u201d (wi\u0119cej informacji na stronie <a href=\"https:\/\/lowsofttones.com\/pl\/about\/\">https:\/\/lowsofttones.com\/about\/<\/a>).<\/p>\n\n\n\n<p>Autor udziela niewy\u0142\u0105cznej, bezp\u0142atnej licencji na wykorzystanie muzyki w produkcjach audiowizualnych<br>(filmy, filmy kr\u00f3tkometra\u017cowe, vlogi, wideo online, projekty komercyjne i niekomercyjne),<br>pod warunkiem podania informacji o autorze.<\/p>\n\n\n\n<p>Autor zachowuje pe\u0142ne prawa autorskie do muzyki i nagra\u0144 d\u017awi\u0119kowych.<\/p>\n\n\n\n<p>Niedozwolone:<br>- rejestracja muzyki w systemach Content ID<br>- sublicencjonowanie, odsprzeda\u017c lub dystrybucja muzyki jako samodzielnego produktu audio<\/p>\n\n\n\n<p><strong>Informacja o autorze:<br><\/strong>Muzyka: \u201cTrack Title\u201d - Low Soft Tones<br>Autor: \u0141ukasz Niewi\u0144ski<br>Mile widziany link do <a href=\"https:\/\/open.spotify.com\/artist\/1J0kieIOiGun5V2GPfl40T\">Spotify <\/a>lub do <a href=\"https:\/\/lowsofttones.com\/pl\/\" data-type=\"page\" data-id=\"33\">strony internetowej.<\/a> is appreciated.<\/p>\n\n\n\n<p>Informacja grzeczno\u015bciowa:<br>Je\u015bli to mo\u017cliwe, prosz\u0119 o kr\u00f3tk\u0105 wiadomo\u015b\u0107<br>wraz z linkiem do gotowego projektu na adres: contact@lowsofttones.com (lub poprzez formularz na stronie <a href=\"https:\/\/lowsofttones.com\/pl\/contact\/\">https:\/\/lowsofttones.com\/contact\/<\/a>)<\/p>\n\n\n\n<p><\/p>","protected":false},"excerpt":{"rendered":"<p>All music released under the project name \u201cLow Soft Tones\u201d is written, composed and produced by: \u0141ukasz Niewi\u0144ski Author, copyright [&hellip;]<\/p>\n","protected":false},"author":1,"featured_media":0,"parent":0,"menu_order":0,"comment_status":"closed","ping_status":"closed","template":"","meta":{"_uag_custom_page_level_css":"","site-sidebar-layout":"default","site-content-layout":"","ast-site-content-layout":"default","site-content-style":"default","site-sidebar-style":"default","ast-global-header-display":"","ast-banner-title-visibility":"","ast-main-header-display":"","ast-hfb-above-header-display":"","ast-hfb-below-header-display":"","ast-hfb-mobile-header-display":"","site-post-title":"","ast-breadcrumbs-content":"","ast-featured-img":"","footer-sml-layout":"","ast-disable-related-posts":"","theme-transparent-header-meta":"","adv-header-id-meta":"","stick-header-meta":"","header-above-stick-meta":"","header-main-stick-meta":"","header-below-stick-meta":"","astra-migrate-meta-layouts":"default","ast-page-background-enabled":"default","ast-page-background-meta":{"desktop":{"background-color":"var(--ast-global-color-4)","background-image":"","background-repeat":"repeat","background-position":"center center","background-size":"auto","background-attachment":"scroll","background-type":"","background-media":"","overlay-type":"","overlay-color":"","overlay-opacity":"","overlay-gradient":""},"tablet":{"background-color":"","background-image":"","background-repeat":"repeat","background-position":"center center","background-size":"auto","background-attachment":"scroll","background-type":"","background-media":"","overlay-type":"","overlay-color":"","overlay-opacity":"","overlay-gradient":""},"mobile":{"background-color":"","background-image":"","background-repeat":"repeat","background-position":"center center","background-size":"auto","background-attachment":"scroll","background-type":"","background-media":"","overlay-type":"","overlay-color":"","overlay-opacity":"","overlay-gradient":""}},"ast-content-background-meta":{"desktop":{"background-color":"var(--ast-global-color-5)","background-image":"","background-repeat":"repeat","background-position":"center center","background-size":"auto","background-attachment":"scroll","background-type":"","background-media":"","overlay-type":"","overlay-color":"","overlay-opacity":"","overlay-gradient":""},"tablet":{"background-color":"var(--ast-global-color-5)","background-image":"","background-repeat":"repeat","background-position":"center center","background-size":"auto","background-attachment":"scroll","background-type":"","background-media":"","overlay-type":"","overlay-color":"","overlay-opacity":"","overlay-gradient":""},"mobile":{"background-color":"var(--ast-global-color-5)","background-image":"","background-repeat":"repeat","background-position":"center center","background-size":"auto","background-attachment":"scroll","background-type":"","background-media":"","overlay-type":"","overlay-color":"","overlay-opacity":"","overlay-gradient":""}},"footnotes":""},"class_list":["post-515","page","type-page","status-publish","hentry"],"uagb_featured_image_src":{"full":false,"thumbnail":false,"medium":false,"medium_large":false,"large":false,"1536x1536":false,"2048x2048":false,"trp-custom-language-flag":false},"uagb_author_info":{"display_name":"lukaszniew","author_link":"https:\/\/lowsofttones.com\/pl\/author\/lukaszniew\/"},"uagb_comment_info":0,"uagb_excerpt":"All music released under the project name \u201cLow Soft Tones\u201d is written, composed and produced by: \u0141ukasz Niewi\u0144ski Author, copyright [&hellip;]","_links":{"self":[{"href":"https:\/\/lowsofttones.com\/pl\/wp-json\/wp\/v2\/pages\/515","targetHints":{"allow":["GET"]}}],"collection":[{"href":"https:\/\/lowsofttones.com\/pl\/wp-json\/wp\/v2\/pages"}],"about":[{"href":"https:\/\/lowsofttones.com\/pl\/wp-json\/wp\/v2\/types\/page"}],"author":[{"embeddable":true,"href":"https:\/\/lowsofttones.com\/pl\/wp-json\/wp\/v2\/users\/1"}],"replies":[{"embeddable":true,"href":"https:\/\/lowsofttones.com\/pl\/wp-json\/wp\/v2\/comments?post=515"}],"version-history":[{"count":8,"href":"https:\/\/lowsofttones.com\/pl\/wp-json\/wp\/v2\/pages\/515\/revisions"}],"predecessor-version":[{"id":640,"href":"https:\/\/lowsofttones.com\/pl\/wp-json\/wp\/v2\/pages\/515\/revisions\/640"}],"wp:attachment":[{"href":"https:\/\/lowsofttones.com\/pl\/wp-json\/wp\/v2\/media?parent=515"}],"curies":[{"name":"wp","href":"https:\/\/api.w.org\/{rel}","templated":true}]}}