{"id":564,"date":"2026-01-29T22:32:29","date_gmt":"2026-01-29T22:32:29","guid":{"rendered":"https:\/\/lowsofttones.com\/?page_id=564"},"modified":"2026-02-22T18:05:03","modified_gmt":"2026-02-22T18:05:03","slug":"support","status":"publish","type":"page","link":"https:\/\/lowsofttones.com\/pl\/support\/","title":{"rendered":"Wsparcie"},"content":{"rendered":"<div class=\"wp-block-uagb-container uagb-block-ufffzxab alignfull uagb-is-root-container\"><div class=\"uagb-container-inner-blocks-wrap\">\n<div class=\"wp-block-uagb-image alignleft uagb-block-m80yxinl wp-block-uagb-image--layout-default wp-block-uagb-image--effect-static wp-block-uagb-image--align-left\"><figure class=\"wp-block-uagb-image__figure\"><img decoding=\"async\" srcset=\"\" sizes=\"auto, (max-width: 480px) 150px\" src=\"https:\/\/lowsofttones.com\/wp-content\/uploads\/2026\/02\/Lukasz-Niewinski-Low-Soft-Tones-1-1-768x1024.jpg\" alt=\"\u0141ukasz Niewi\u0144ski\" class=\"uag-image-573\" width=\"600\" height=\"800\" title=\"\u0141ukasza Niewi\u0144skiego\" loading=\"lazy\" role=\"img\" data-srcset=\"\"\/><\/figure><\/div>\n\n\n\n<div class=\"wp-block-uagb-container uagb-block-xpja4hnd\">\n<div class=\"wp-block-uagb-info-box uagb-block-q7tc6uru uagb-infobox__content-wrap  uagb-infobox-icon-above-title uagb-infobox-image-valign-top\"><div class=\"uagb-ifb-content\"><div class=\"uagb-ifb-title-wrap\"><h1 class=\"uagb-ifb-title\">WSPARCIE<\/h1><\/div><p class=\"uagb-ifb-desc\">Low Soft Tones to niezale\u017cny projekt muzyczny tworzony z pasji.<br><br>Je\u015bli chcesz wesprze\u0107 t\u0105 inicjatyw\u0119 i pom\u00f3c w utrzymaniu niezale\u017cno\u015bci projektu, mo\u017cesz to zrobi\u0107 tutaj:<br><br><a href=\"https:\/\/buymeacoffee.com\/lowsofttones\">\ud83d\udc49 <strong>Buy Me a Coffee<\/strong><br><\/a><br>Lub odwiedzaj:<br><a href=\"https:\/\/open.spotify.com\/artist\/1J0kieIOiGun5V2GPfl40T\">Spotify <\/a>\u2022 <a href=\"https:\/\/www.youtube.com\/@LowSoftTones\">YouTube <\/a>\u2022 <a href=\"https:\/\/www.facebook.com\/profile.php?id=61588485275963\">Instagram<\/a><br><br>Dzi\u0119kuj\u0119<\/p><\/div><\/div>\n\n\n\n<div class=\"wp-block-uagb-buttons uagb-buttons__outer-wrap uagb-btn__default-btn uagb-btn-tablet__default-btn uagb-btn-mobile__default-btn uagb-block-cdk6e9vi\"><div class=\"uagb-buttons__wrap uagb-buttons-layout-wrap\">\n<div class=\"wp-block-uagb-buttons-child uagb-buttons__outer-wrap uagb-block-b245bd5d wp-block-button\"><div class=\"uagb-button__wrapper\"><a class=\"uagb-buttons-repeater wp-block-button__link\" aria-label=\"\" href=\"#\" rel=\"follow noopener\" target=\"_self\" role=\"button\"><div class=\"uagb-button__link\">Click Here<\/div><\/a><\/div><\/div>\n<\/div><\/div>\n<\/div>\n<\/div><\/div>\n\n\n\n<p><\/p>","protected":false},"excerpt":{"rendered":"","protected":false},"author":1,"featured_media":0,"parent":0,"menu_order":0,"comment_status":"closed","ping_status":"closed","template":"","meta":{"_uag_custom_page_level_css":"","site-sidebar-layout":"default","site-content-layout":"","ast-site-content-layout":"default","site-content-style":"default","site-sidebar-style":"default","ast-global-header-display":"","ast-banner-title-visibility":"","ast-main-header-display":"","ast-hfb-above-header-display":"","ast-hfb-below-header-display":"","ast-hfb-mobile-header-display":"","site-post-title":"disabled","ast-breadcrumbs-content":"","ast-featured-img":"","footer-sml-layout":"","ast-disable-related-posts":"","theme-transparent-header-meta":"","adv-header-id-meta":"","stick-header-meta":"","header-above-stick-meta":"","header-main-stick-meta":"","header-below-stick-meta":"","astra-migrate-meta-layouts":"default","ast-page-background-enabled":"default","ast-page-background-meta":{"desktop":{"background-color":"var(--ast-global-color-4)","background-image":"","background-repeat":"repeat","background-position":"center center","background-size":"auto","background-attachment":"scroll","background-type":"","background-media":"","overlay-type":"","overlay-color":"","overlay-opacity":"","overlay-gradient":""},"tablet":{"background-color":"","background-image":"","background-repeat":"repeat","background-position":"center center","background-size":"auto","background-attachment":"scroll","background-type":"","background-media":"","overlay-type":"","overlay-color":"","overlay-opacity":"","overlay-gradient":""},"mobile":{"background-color":"","background-image":"","background-repeat":"repeat","background-position":"center center","background-size":"auto","background-attachment":"scroll","background-type":"","background-media":"","overlay-type":"","overlay-color":"","overlay-opacity":"","overlay-gradient":""}},"ast-content-background-meta":{"desktop":{"background-color":"var(--ast-global-color-5)","background-image":"","background-repeat":"repeat","background-position":"center center","background-size":"auto","background-attachment":"scroll","background-type":"","background-media":"","overlay-type":"","overlay-color":"","overlay-opacity":"","overlay-gradient":""},"tablet":{"background-color":"var(--ast-global-color-5)","background-image":"","background-repeat":"repeat","background-position":"center center","background-size":"auto","background-attachment":"scroll","background-type":"","background-media":"","overlay-type":"","overlay-color":"","overlay-opacity":"","overlay-gradient":""},"mobile":{"background-color":"var(--ast-global-color-5)","background-image":"","background-repeat":"repeat","background-position":"center center","background-size":"auto","background-attachment":"scroll","background-type":"","background-media":"","overlay-type":"","overlay-color":"","overlay-opacity":"","overlay-gradient":""}},"footnotes":""},"class_list":["post-564","page","type-page","status-publish","hentry"],"uagb_featured_image_src":{"full":false,"thumbnail":false,"medium":false,"medium_large":false,"large":false,"1536x1536":false,"2048x2048":false,"trp-custom-language-flag":false},"uagb_author_info":{"display_name":"lukaszniew","author_link":"https:\/\/lowsofttones.com\/pl\/author\/lukaszniew\/"},"uagb_comment_info":0,"uagb_excerpt":null,"_links":{"self":[{"href":"https:\/\/lowsofttones.com\/pl\/wp-json\/wp\/v2\/pages\/564","targetHints":{"allow":["GET"]}}],"collection":[{"href":"https:\/\/lowsofttones.com\/pl\/wp-json\/wp\/v2\/pages"}],"about":[{"href":"https:\/\/lowsofttones.com\/pl\/wp-json\/wp\/v2\/types\/page"}],"author":[{"embeddable":true,"href":"https:\/\/lowsofttones.com\/pl\/wp-json\/wp\/v2\/users\/1"}],"replies":[{"embeddable":true,"href":"https:\/\/lowsofttones.com\/pl\/wp-json\/wp\/v2\/comments?post=564"}],"version-history":[{"count":4,"href":"https:\/\/lowsofttones.com\/pl\/wp-json\/wp\/v2\/pages\/564\/revisions"}],"predecessor-version":[{"id":645,"href":"https:\/\/lowsofttones.com\/pl\/wp-json\/wp\/v2\/pages\/564\/revisions\/645"}],"wp:attachment":[{"href":"https:\/\/lowsofttones.com\/pl\/wp-json\/wp\/v2\/media?parent=564"}],"curies":[{"name":"wp","href":"https:\/\/api.w.org\/{rel}","templated":true}]}}